{"id":10899,"date":"2025-05-19T13:22:37","date_gmt":"2025-05-19T05:22:37","guid":{"rendered":"https:\/\/www.ecuasimomotor.com\/?post_type=product&#038;p=10899"},"modified":"2025-05-19T13:28:22","modified_gmt":"2025-05-19T05:28:22","slug":"yuchai-800%ef%bd%9e1000kw-grupo-electrogeno-de-metano-gas-de-carbon-yc12vcn","status":"publish","type":"product","link":"https:\/\/www.ecuasimomotor.com\/zh\/product\/\u7389\u67f4-800\uff5e1000kw-\u71c3\u7164\u6cbc\u6c14\u53d1\u7535\u673a\u7ec4-yc12vcn\/","title":{"rendered":"\u7389\u67f4 800\uff5e1000kW \u7532\u70f7\/\u7164\u6c14\u53d1\u7535\u673a\u7ec4 YC12VCN"},"content":{"rendered":"<div class=\"infor\">\n<h5 class=\"tit\" style=\"text-align: center;\"><strong>\u6280\u672f\u53c2\u6570<\/strong><\/h5>\n<\/div>\n<div class=\"content\">\n<div class=\"table-responsive\">\n<table class=\"datalist\" width=\"100%\" cellspacing=\"0\" cellpadding=\"0\">\n<colgroup>\n<col width=\"208\" \/>\n<col width=\"200\" \/><\/colgroup>\n<tbody>\n<tr class=\"firstRow\">\n<td colspan=\"2\"><strong>\u5355\u4f4d\u53c2\u6570<\/strong><\/td>\n<\/tr>\n<tr>\n<td>\u5355\u4f4d\u6a21\u578b<\/td>\n<td>yc12vcg-1000m5hc<\/td>\n<\/tr>\n<tr>\n<td>\u989d\u5b9a\u529f\u7387\uff08\u5343\u74e6\uff09<\/td>\n<td>1000<\/td>\n<\/tr>\n<tr>\n<td>\u989d\u5b9a\u7535\u538b (V)<\/td>\n<td>10500<\/td>\n<\/tr>\n<tr>\n<td>\u989d\u5b9a\u7535\u6d41\uff08\u5b89\uff09<\/td>\n<td>68.7<\/td>\n<\/tr>\n<tr>\n<td>\u9891\u7387\uff08\u8d6b\u5179\uff09<\/td>\n<td>50<\/td>\n<\/tr>\n<tr>\n<td>\u7535\u6c14\u6548\u7387<\/td>\n<td>40%<\/td>\n<\/tr>\n<tr>\n<td>\u957f \u00d7 \u5bbd \u00d7 \u9ad8\uff08\u6beb\u7c73\uff09<\/td>\n<td>5350\u00d72000\u00d72650<\/td>\n<\/tr>\n<tr>\n<td colspan=\"2\"><strong>\u53d1\u52a8\u673a\u53c2\u6570<\/strong><\/td>\n<\/tr>\n<tr>\n<td>\u6807\u79f0\u8f6c\u901f\uff08r\/min\uff09<\/td>\n<td>1000<\/td>\n<\/tr>\n<tr>\n<td>\u6392\u6c34\u91cf (L)<\/td>\n<td>79.2<\/td>\n<\/tr>\n<tr>\n<td>\u6c14\u7f38\u6570-\u7f38\u5f84\/\u884c\u7a0b\uff08\u6beb\u7c73\uff09<\/td>\n<td>12-200\/210<\/td>\n<\/tr>\n<tr>\n<td>\u53d1\u52a8\u673a\u8017\u6cb9\u91cf\uff08\u514b\/\u5343\u74e6\u65f6\uff09<\/td>\n<td>\u22640,3<\/td>\n<\/tr>\n<tr>\n<td>\u6c2e\u6c27\u5316\u7269\u6392\u653e\u91cf\uff08\u6beb\u514b\/\u725b\u7c73\u00a0<sup>3<\/sup>\u00a0)<\/td>\n<td>&lt;500<\/td>\n<\/tr>\n<tr>\n<td colspan=\"2\" rowspan=\"2\">\u6ce8\uff1a\u4e0a\u8ff0\u6240\u6709\u6570\u636e\u5747\u5728\u6807\u51c6\u53c2\u8003\u6761\u4ef6\u4e0b\u83b7\u5f97\uff0c\u5e76\u4f1a\u968f\u7740\u914d\u7f6e\u53d8\u5316\u548c\u6280\u672f\u53d1\u5c55\u800c\u6539\u53d8\u3002<\/td>\n<\/tr>\n<\/tbody>\n<\/table>\n<\/div>\n<div class=\"remark\">\u968f\u7740\u4ea7\u54c1\u6280\u672f\u7684\u8fdb\u6b65\uff0c\u4ea7\u54c1\u7684\u7ed3\u6784\u548c\u53c2\u6570\u5c06\u4e0d\u65ad\u6539\u8fdb\u3002\u5982\u679c\u6837\u54c1\u53c2\u6570\u4e0e\u5b9e\u9645\u4ea7\u54c1\u4e0d\u4e00\u81f4\uff0c\u5e94\u4ee5\u5b9e\u9645\u4ea7\u54c1\u4e3a\u51c6\u3002<\/div>\n<\/div>","protected":false},"excerpt":{"rendered":"<p>Par\u00e1metros t\u00e9cnicos Par\u00e1metros de la unidad Modelo de unidad YC12VCG-1000M5HC Potencia nominal (kW) 1000 Tensi\u00f3n nominal (V) 10500 Corriente nominal (A) 68.7 Frecuencia (Hz) 50 Eficiencia el\u00e9ctrica 40% Largo \u00d7 ancho \u00d7 alto (mm) 5350\u00d72000\u00d72650 Par\u00e1metros del motor Velocidad nominal (r\/min) 1000 Desplazamiento (L) 79.2 N\u00famero de cilindros-di\u00e1metro\/carrera (mm) 12-200\/210 Consumo de aceite del motor [&hellip;]<\/p>","protected":false},"featured_media":10885,"template":"","meta":{"_eb_attr":"","site-sidebar-layout":"default","site-content-layout":"","ast-site-content-layout":"default","site-content-style":"default","site-sidebar-style":"default","ast-global-header-display":"","ast-banner-title-visibility":"","ast-main-header-display":"","ast-hfb-above-header-display":"","ast-hfb-below-header-display":"","ast-hfb-mobile-header-display":"","site-post-title":"","ast-breadcrumbs-content":"","ast-featured-img":"","footer-sml-layout":"","theme-transparent-header-meta":"default","adv-header-id-meta":"","stick-header-meta":"","header-above-stick-meta":"","header-main-stick-meta":"","header-below-stick-meta":"","astra-migrate-meta-layouts":"set","ast-page-background-enabled":"default","ast-page-background-meta":{"desktop":{"background-color":"var(--ast-global-color-4)","background-image":"","background-repeat":"repeat","background-position":"center center","background-size":"auto","background-attachment":"scroll","background-type":"","background-media":"","overlay-type":"","overlay-color":"","overlay-opacity":"","overlay-gradient":""},"tablet":{"background-color":"","background-image":"","background-repeat":"repeat","background-position":"center center","background-size":"auto","background-attachment":"scroll","background-type":"","background-media":"","overlay-type":"","overlay-color":"","overlay-opacity":"","overlay-gradient":""},"mobile":{"background-color":"","background-image":"","background-repeat":"repeat","background-position":"center center","background-size":"auto","background-attachment":"scroll","background-type":"","background-media":"","overlay-type":"","overlay-color":"","overlay-opacity":"","overlay-gradient":""}},"ast-content-background-meta":{"desktop":{"background-color":"var(--ast-global-color-5)","background-image":"","background-repeat":"repeat","background-position":"center center","background-size":"auto","background-attachment":"scroll","background-type":"","background-media":"","overlay-type":"","overlay-color":"","overlay-opacity":"","overlay-gradient":""},"tablet":{"background-color":"var(--ast-global-color-5)","background-image":"","background-repeat":"repeat","background-position":"center center","background-size":"auto","background-attachment":"scroll","background-type":"","background-media":"","overlay-type":"","overlay-color":"","overlay-opacity":"","overlay-gradient":""},"mobile":{"background-color":"var(--ast-global-color-5)","background-image":"","background-repeat":"repeat","background-position":"center center","background-size":"auto","background-attachment":"scroll","background-type":"","background-media":"","overlay-type":"","overlay-color":"","overlay-opacity":"","overlay-gradient":""}}},"product_brand":[],"product_cat":[57,96,56],"product_tag":[],"class_list":{"0":"post-10899","1":"product","2":"type-product","3":"status-publish","4":"has-post-thumbnail","6":"product_cat-grupo-electrogeno","7":"product_cat-grupo-electrogeno-marca-yuchai","8":"product_cat-grupo-electrogeno-de-gas-yuchai","9":"desktop-align-left","10":"tablet-align-left","11":"mobile-align-left","13":"first","14":"instock","15":"shipping-taxable","16":"product-type-simple"},"_links":{"self":[{"href":"https:\/\/www.ecuasimomotor.com\/zh\/wp-json\/wp\/v2\/product\/10899","targetHints":{"allow":["GET"]}}],"collection":[{"href":"https:\/\/www.ecuasimomotor.com\/zh\/wp-json\/wp\/v2\/product"}],"about":[{"href":"https:\/\/www.ecuasimomotor.com\/zh\/wp-json\/wp\/v2\/types\/product"}],"version-history":[{"count":0,"href":"https:\/\/www.ecuasimomotor.com\/zh\/wp-json\/wp\/v2\/product\/10899\/revisions"}],"wp:featuredmedia":[{"embeddable":true,"href":"https:\/\/www.ecuasimomotor.com\/zh\/wp-json\/wp\/v2\/media\/10885"}],"wp:attachment":[{"href":"https:\/\/www.ecuasimomotor.com\/zh\/wp-json\/wp\/v2\/media?parent=10899"}],"wp:term":[{"taxonomy":"product_brand","embeddable":true,"href":"https:\/\/www.ecuasimomotor.com\/zh\/wp-json\/wp\/v2\/product_brand?post=10899"},{"taxonomy":"product_cat","embeddable":true,"href":"https:\/\/www.ecuasimomotor.com\/zh\/wp-json\/wp\/v2\/product_cat?post=10899"},{"taxonomy":"product_tag","embeddable":true,"href":"https:\/\/www.ecuasimomotor.com\/zh\/wp-json\/wp\/v2\/product_tag?post=10899"}],"curies":[{"name":"wp","href":"https:\/\/api.w.org\/{rel}","templated":true}]}}