{"id":10888,"date":"2025-05-19T11:14:55","date_gmt":"2025-05-19T03:14:55","guid":{"rendered":"https:\/\/www.ecuasimomotor.com\/?post_type=product&#038;p=10888"},"modified":"2025-05-19T11:16:18","modified_gmt":"2025-05-19T03:16:18","slug":"yuchai-1500-kw-grupo-electrogeno-de-biogas-yc16vcn","status":"publish","type":"product","link":"https:\/\/www.ecuasimomotor.com\/zh\/product\/\u7389\u67f4-1500-kw-\u6cbc\u6c14\u53d1\u7535\u673a\u7ec4-yc16vcn\/","title":{"rendered":"\u7389\u67f41500 kW YC16VCN \u6cbc\u6c14\u53d1\u7535\u673a\u7ec4"},"content":{"rendered":"<div class=\"infor\">\n<div class=\"tit\"><span>\u6280\u672f\u53c2\u6570<\/span><\/div>\n<\/div>\n<div class=\"content\">\n<div class=\"table-responsive\">\n<table class=\"datalist\" width=\"100%\" cellspacing=\"0\" cellpadding=\"0\">\n<colgroup>\n<col width=\"151\" \/>\n<col width=\"160\" \/>\n<col width=\"206\" \/><\/colgroup>\n<tbody>\n<tr class=\"firstRow\">\n<td colspan=\"3\"><strong><span>\u5355\u4f4d\u53c2\u6570<\/span><\/strong><\/td>\n<\/tr>\n<tr>\n<td><span>\u5355\u4f4d\u6a21\u578b<\/span><\/td>\n<td><span>YC16VCG-1500B5HC<\/span><\/td>\n<td><span>YC16VCG-1500B5LC<\/span><\/td>\n<\/tr>\n<tr>\n<td><span>\u989d\u5b9a\u529f\u7387\uff08\u5343\u74e6\uff09<\/span><\/td>\n<td><span>1500<\/span><\/td>\n<td><span>1500<\/span><\/td>\n<\/tr>\n<tr>\n<td><span>\u989d\u5b9a\u7535\u538b (V)<\/span><\/td>\n<td><span>10500<\/span><\/td>\n<td><span>400<\/span><\/td>\n<\/tr>\n<tr>\n<td><span>\u989d\u5b9a\u7535\u6d41\uff08\u5b89\uff09<\/span><\/td>\n<td><span>103.1\u00a0<\/span><\/td>\n<td><span>2706.4\u00a0<\/span><\/td>\n<\/tr>\n<tr>\n<td><span>\u9891\u7387\uff08\u8d6b\u5179\uff09<\/span><\/td>\n<td><span>50<\/span><\/td>\n<td><span>50<\/span><\/td>\n<\/tr>\n<tr>\n<td><span>\u7535\u6c14\u6548\u7387<\/span><\/td>\n<td><span>40%<\/span><\/td>\n<td><span>40%<\/span><\/td>\n<\/tr>\n<tr>\n<td><span>\u957f \u00d7 \u5bbd \u00d7 \u9ad8\uff08\u6beb\u7c73\uff09<\/span><\/td>\n<td><span>6050\u00d72100\u00d72750<\/span><\/td>\n<td><span>6050\u00d72100\u00d72750<\/span><\/td>\n<\/tr>\n<tr>\n<td colspan=\"3\"><strong><span>\u53d1\u52a8\u673a\u53c2\u6570<\/span><\/strong><\/td>\n<\/tr>\n<tr>\n<td><span>\u6807\u79f0\u8f6c\u901f\uff08r\/min\uff09<\/span><\/td>\n<td><span>1000<\/span><\/td>\n<td><span>1000<\/span><\/td>\n<\/tr>\n<tr>\n<td><span>\u6392\u6c34\u91cf (L)<\/span><\/td>\n<td><span>105.6\u00a0<\/span><\/td>\n<td><span>105.6\u00a0<\/span><\/td>\n<\/tr>\n<tr>\n<td><span>\u6c14\u7f38\u6570-\u7f38\u5f84\/\u884c\u7a0b\uff08\u6beb\u7c73\uff09<\/span><\/td>\n<td><span>16-200\/210<\/span><\/td>\n<td><span>16-200\/210<\/span><\/td>\n<\/tr>\n<tr>\n<td><span>\u53d1\u52a8\u673a\u8017\u6cb9\u91cf\uff08\u514b\/\u5343\u74e6\u65f6\uff09<\/span><\/td>\n<td><span>\u22640,3<\/span><\/td>\n<td><span>\u22640,3<\/span><\/td>\n<\/tr>\n<tr>\n<td><span>\u6c2e\u6c27\u5316\u7269\u6392\u653e\u91cf\uff08\u6beb\u514b\/\u725b\u7c73\u00a0<\/span><sup><span>3<\/span><\/sup><span>\u00a0)<\/span><\/td>\n<td><span>&lt;500<\/span><\/td>\n<td><span>&lt;500<\/span><\/td>\n<\/tr>\n<tr>\n<td colspan=\"3\" rowspan=\"2\"><span>\u6ce8\uff1a\u4e0a\u8ff0\u6240\u6709\u6570\u636e\u5747\u5728\u6807\u51c6\u53c2\u8003\u6761\u4ef6\u4e0b\u83b7\u5f97\uff0c\u5e76\u4f1a\u968f\u7740\u914d\u7f6e\u53d8\u5316\u548c\u6280\u672f\u53d1\u5c55\u800c\u6539\u53d8\u3002<\/span><\/td>\n<\/tr>\n<\/tbody>\n<\/table>\n<\/div>\n<div class=\"remark\"><span>\u968f\u7740\u4ea7\u54c1\u6280\u672f\u7684\u8fdb\u6b65\uff0c\u4ea7\u54c1\u7684\u7ed3\u6784\u548c\u53c2\u6570\u5c06\u4e0d\u65ad\u6539\u8fdb\u3002\u5982\u679c\u6837\u54c1\u53c2\u6570\u4e0e\u5b9e\u9645\u4ea7\u54c1\u4e0d\u4e00\u81f4\uff0c\u5e94\u4ee5\u5b9e\u9645\u4ea7\u54c1\u4e3a\u51c6\u3002<\/span><\/div>\n<\/div>","protected":false},"excerpt":{"rendered":"<p>Par\u00e1metros t\u00e9cnicos Par\u00e1metros de la unidad Modelo de unidad YC16VCG-1500B5HC YC16VCG-1500B5LC Potencia nominal (kW) 1500 1500 Tensi\u00f3n nominal (V) 10500 400 Corriente nominal (A) 103.1\u00a0 2706.4\u00a0 Frecuencia (Hz) 50 50 Eficiencia el\u00e9ctrica 40% 40% Largo \u00d7 ancho \u00d7 alto (mm) 6050\u00d72100\u00d72750 6050\u00d72100\u00d72750 Par\u00e1metros del motor Velocidad nominal (r\/min) 1000 1000 Desplazamiento (L) 105.6\u00a0 105.6\u00a0 N\u00famero [&hellip;]<\/p>","protected":false},"featured_media":10876,"template":"","meta":{"_eb_attr":"","site-sidebar-layout":"default","site-content-layout":"","ast-site-content-layout":"default","site-content-style":"default","site-sidebar-style":"default","ast-global-header-display":"","ast-banner-title-visibility":"","ast-main-header-display":"","ast-hfb-above-header-display":"","ast-hfb-below-header-display":"","ast-hfb-mobile-header-display":"","site-post-title":"","ast-breadcrumbs-content":"","ast-featured-img":"","footer-sml-layout":"","theme-transparent-header-meta":"default","adv-header-id-meta":"","stick-header-meta":"","header-above-stick-meta":"","header-main-stick-meta":"","header-below-stick-meta":"","astra-migrate-meta-layouts":"set","ast-page-background-enabled":"default","ast-page-background-meta":{"desktop":{"background-color":"var(--ast-global-color-4)","background-image":"","background-repeat":"repeat","background-position":"center center","background-size":"auto","background-attachment":"scroll","background-type":"","background-media":"","overlay-type":"","overlay-color":"","overlay-opacity":"","overlay-gradient":""},"tablet":{"background-color":"","background-image":"","background-repeat":"repeat","background-position":"center center","background-size":"auto","background-attachment":"scroll","background-type":"","background-media":"","overlay-type":"","overlay-color":"","overlay-opacity":"","overlay-gradient":""},"mobile":{"background-color":"","background-image":"","background-repeat":"repeat","background-position":"center center","background-size":"auto","background-attachment":"scroll","background-type":"","background-media":"","overlay-type":"","overlay-color":"","overlay-opacity":"","overlay-gradient":""}},"ast-content-background-meta":{"desktop":{"background-color":"var(--ast-global-color-5)","background-image":"","background-repeat":"repeat","background-position":"center center","background-size":"auto","background-attachment":"scroll","background-type":"","background-media":"","overlay-type":"","overlay-color":"","overlay-opacity":"","overlay-gradient":""},"tablet":{"background-color":"var(--ast-global-color-5)","background-image":"","background-repeat":"repeat","background-position":"center center","background-size":"auto","background-attachment":"scroll","background-type":"","background-media":"","overlay-type":"","overlay-color":"","overlay-opacity":"","overlay-gradient":""},"mobile":{"background-color":"var(--ast-global-color-5)","background-image":"","background-repeat":"repeat","background-position":"center center","background-size":"auto","background-attachment":"scroll","background-type":"","background-media":"","overlay-type":"","overlay-color":"","overlay-opacity":"","overlay-gradient":""}}},"product_brand":[],"product_cat":[57,96,56],"product_tag":[],"class_list":{"0":"post-10888","1":"product","2":"type-product","3":"status-publish","4":"has-post-thumbnail","6":"product_cat-grupo-electrogeno","7":"product_cat-grupo-electrogeno-marca-yuchai","8":"product_cat-grupo-electrogeno-de-gas-yuchai","9":"desktop-align-left","10":"tablet-align-left","11":"mobile-align-left","13":"first","14":"instock","15":"shipping-taxable","16":"product-type-simple"},"_links":{"self":[{"href":"https:\/\/www.ecuasimomotor.com\/zh\/wp-json\/wp\/v2\/product\/10888","targetHints":{"allow":["GET"]}}],"collection":[{"href":"https:\/\/www.ecuasimomotor.com\/zh\/wp-json\/wp\/v2\/product"}],"about":[{"href":"https:\/\/www.ecuasimomotor.com\/zh\/wp-json\/wp\/v2\/types\/product"}],"version-history":[{"count":0,"href":"https:\/\/www.ecuasimomotor.com\/zh\/wp-json\/wp\/v2\/product\/10888\/revisions"}],"wp:featuredmedia":[{"embeddable":true,"href":"https:\/\/www.ecuasimomotor.com\/zh\/wp-json\/wp\/v2\/media\/10876"}],"wp:attachment":[{"href":"https:\/\/www.ecuasimomotor.com\/zh\/wp-json\/wp\/v2\/media?parent=10888"}],"wp:term":[{"taxonomy":"product_brand","embeddable":true,"href":"https:\/\/www.ecuasimomotor.com\/zh\/wp-json\/wp\/v2\/product_brand?post=10888"},{"taxonomy":"product_cat","embeddable":true,"href":"https:\/\/www.ecuasimomotor.com\/zh\/wp-json\/wp\/v2\/product_cat?post=10888"},{"taxonomy":"product_tag","embeddable":true,"href":"https:\/\/www.ecuasimomotor.com\/zh\/wp-json\/wp\/v2\/product_tag?post=10888"}],"curies":[{"name":"wp","href":"https:\/\/api.w.org\/{rel}","templated":true}]}}