{"id":10899,"date":"2025-05-19T13:22:37","date_gmt":"2025-05-19T05:22:37","guid":{"rendered":"https:\/\/www.ecuasimomotor.com\/?post_type=product&#038;p=10899"},"modified":"2025-05-19T13:28:22","modified_gmt":"2025-05-19T05:28:22","slug":"yuchai-800%ef%bd%9e1000kw-grupo-electrogeno-de-metano-gas-de-carbon-yc12vcn","status":"publish","type":"product","link":"https:\/\/www.ecuasimomotor.com\/en\/product\/yuchai-800\uff5e1000kw-coal-fired-methane-gas-genset-yc12vcn\/","title":{"rendered":"YUCHAI 800\uff5e1000kW YC12VCN methane\/coal gas genset."},"content":{"rendered":"<div class=\"infor\">\n<h5 class=\"tit\" style=\"text-align: center;\"><strong>Technical parameters<\/strong><\/h5>\n<\/div>\n<div class=\"content\">\n<div class=\"table-responsive\">\n<table class=\"datalist\" width=\"100%\" cellspacing=\"0\" cellpadding=\"0\">\n<colgroup>\n<col width=\"208\" \/>\n<col width=\"200\" \/><\/colgroup>\n<tbody>\n<tr class=\"firstRow\">\n<td colspan=\"2\"><strong>Unit parameters<\/strong><\/td>\n<\/tr>\n<tr>\n<td>Unit model<\/td>\n<td>YC12VCG-1000M5HC<\/td>\n<\/tr>\n<tr>\n<td>Rated power (kW)<\/td>\n<td>1000<\/td>\n<\/tr>\n<tr>\n<td>Rated voltage (V)<\/td>\n<td>10500<\/td>\n<\/tr>\n<tr>\n<td>Rated current (A)<\/td>\n<td>68.7<\/td>\n<\/tr>\n<tr>\n<td>Frequency (Hz)<\/td>\n<td>50<\/td>\n<\/tr>\n<tr>\n<td>Electrical efficiency<\/td>\n<td>40%<\/td>\n<\/tr>\n<tr>\n<td>Length \u00d7 width \u00d7 height (mm)<\/td>\n<td>5350\u00d72000\u00d72650<\/td>\n<\/tr>\n<tr>\n<td colspan=\"2\"><strong>Engine parameters<\/strong><\/td>\n<\/tr>\n<tr>\n<td>Nominal speed (r\/min)<\/td>\n<td>1000<\/td>\n<\/tr>\n<tr>\n<td>Displacement (L)<\/td>\n<td>79.2<\/td>\n<\/tr>\n<tr>\n<td>Number of cylinders-bore\/stroke (mm)<\/td>\n<td>12-200\/210<\/td>\n<\/tr>\n<tr>\n<td>Engine oil consumption (g\/kWh)<\/td>\n<td>\u22640,3<\/td>\n<\/tr>\n<tr>\n<td>Emissions of nitrogen oxide (mg\/Nm\u00a0<sup>3<\/sup>\u00a0)<\/td>\n<td>&lt;500<\/td>\n<\/tr>\n<tr>\n<td colspan=\"2\" rowspan=\"2\">Note: All of the above data are obtained under standard reference conditions and will change with configuration changes and technological developments.<\/td>\n<\/tr>\n<\/tbody>\n<\/table>\n<\/div>\n<div class=\"remark\">As product technology advances, the structure and parameters of the product will continue to improve. If the sample parameters are inconsistent with the actual product, the actual product will prevail.<\/div>\n<\/div>","protected":false},"excerpt":{"rendered":"<p>Par\u00e1metros t\u00e9cnicos Par\u00e1metros de la unidad Modelo de unidad YC12VCG-1000M5HC Potencia nominal (kW) 1000 Tensi\u00f3n nominal (V) 10500 Corriente nominal (A) 68.7 Frecuencia (Hz) 50 Eficiencia el\u00e9ctrica 40% Largo \u00d7 ancho \u00d7 alto (mm) 5350\u00d72000\u00d72650 Par\u00e1metros del motor Velocidad nominal (r\/min) 1000 Desplazamiento (L) 79.2 N\u00famero de cilindros-di\u00e1metro\/carrera (mm) 12-200\/210 Consumo de aceite del motor [&hellip;]<\/p>","protected":false},"featured_media":10885,"template":"","meta":{"_eb_attr":"","site-sidebar-layout":"default","site-content-layout":"","ast-site-content-layout":"default","site-content-style":"default","site-sidebar-style":"default","ast-global-header-display":"","ast-banner-title-visibility":"","ast-main-header-display":"","ast-hfb-above-header-display":"","ast-hfb-below-header-display":"","ast-hfb-mobile-header-display":"","site-post-title":"","ast-breadcrumbs-content":"","ast-featured-img":"","footer-sml-layout":"","theme-transparent-header-meta":"default","adv-header-id-meta":"","stick-header-meta":"","header-above-stick-meta":"","header-main-stick-meta":"","header-below-stick-meta":"","astra-migrate-meta-layouts":"set","ast-page-background-enabled":"default","ast-page-background-meta":{"desktop":{"background-color":"var(--ast-global-color-4)","background-image":"","background-repeat":"repeat","background-position":"center center","background-size":"auto","background-attachment":"scroll","background-type":"","background-media":"","overlay-type":"","overlay-color":"","overlay-opacity":"","overlay-gradient":""},"tablet":{"background-color":"","background-image":"","background-repeat":"repeat","background-position":"center center","background-size":"auto","background-attachment":"scroll","background-type":"","background-media":"","overlay-type":"","overlay-color":"","overlay-opacity":"","overlay-gradient":""},"mobile":{"background-color":"","background-image":"","background-repeat":"repeat","background-position":"center center","background-size":"auto","background-attachment":"scroll","background-type":"","background-media":"","overlay-type":"","overlay-color":"","overlay-opacity":"","overlay-gradient":""}},"ast-content-background-meta":{"desktop":{"background-color":"var(--ast-global-color-5)","background-image":"","background-repeat":"repeat","background-position":"center center","background-size":"auto","background-attachment":"scroll","background-type":"","background-media":"","overlay-type":"","overlay-color":"","overlay-opacity":"","overlay-gradient":""},"tablet":{"background-color":"var(--ast-global-color-5)","background-image":"","background-repeat":"repeat","background-position":"center center","background-size":"auto","background-attachment":"scroll","background-type":"","background-media":"","overlay-type":"","overlay-color":"","overlay-opacity":"","overlay-gradient":""},"mobile":{"background-color":"var(--ast-global-color-5)","background-image":"","background-repeat":"repeat","background-position":"center center","background-size":"auto","background-attachment":"scroll","background-type":"","background-media":"","overlay-type":"","overlay-color":"","overlay-opacity":"","overlay-gradient":""}}},"product_brand":[],"product_cat":[57,96,56],"product_tag":[],"class_list":{"0":"post-10899","1":"product","2":"type-product","3":"status-publish","4":"has-post-thumbnail","6":"product_cat-grupo-electrogeno","7":"product_cat-grupo-electrogeno-marca-yuchai","8":"product_cat-grupo-electrogeno-de-gas-yuchai","9":"desktop-align-left","10":"tablet-align-left","11":"mobile-align-left","13":"first","14":"instock","15":"shipping-taxable","16":"product-type-simple"},"_links":{"self":[{"href":"https:\/\/www.ecuasimomotor.com\/en\/wp-json\/wp\/v2\/product\/10899","targetHints":{"allow":["GET"]}}],"collection":[{"href":"https:\/\/www.ecuasimomotor.com\/en\/wp-json\/wp\/v2\/product"}],"about":[{"href":"https:\/\/www.ecuasimomotor.com\/en\/wp-json\/wp\/v2\/types\/product"}],"version-history":[{"count":0,"href":"https:\/\/www.ecuasimomotor.com\/en\/wp-json\/wp\/v2\/product\/10899\/revisions"}],"wp:featuredmedia":[{"embeddable":true,"href":"https:\/\/www.ecuasimomotor.com\/en\/wp-json\/wp\/v2\/media\/10885"}],"wp:attachment":[{"href":"https:\/\/www.ecuasimomotor.com\/en\/wp-json\/wp\/v2\/media?parent=10899"}],"wp:term":[{"taxonomy":"product_brand","embeddable":true,"href":"https:\/\/www.ecuasimomotor.com\/en\/wp-json\/wp\/v2\/product_brand?post=10899"},{"taxonomy":"product_cat","embeddable":true,"href":"https:\/\/www.ecuasimomotor.com\/en\/wp-json\/wp\/v2\/product_cat?post=10899"},{"taxonomy":"product_tag","embeddable":true,"href":"https:\/\/www.ecuasimomotor.com\/en\/wp-json\/wp\/v2\/product_tag?post=10899"}],"curies":[{"name":"wp","href":"https:\/\/api.w.org\/{rel}","templated":true}]}}