{"id":10888,"date":"2025-05-19T11:14:55","date_gmt":"2025-05-19T03:14:55","guid":{"rendered":"https:\/\/www.ecuasimomotor.com\/?post_type=product&#038;p=10888"},"modified":"2025-05-19T11:16:18","modified_gmt":"2025-05-19T03:16:18","slug":"yuchai-1500-kw-grupo-electrogeno-de-biogas-yc16vcn","status":"publish","type":"product","link":"https:\/\/www.ecuasimomotor.com\/en\/product\/yuchai-1500-kw-biogas-generator-set-yc16vcn\/","title":{"rendered":"YUCHAI 1500 kW YC16VCN Biogas Generating Set"},"content":{"rendered":"<div class=\"infor\">\n<div class=\"tit\"><span>Technical parameters<\/span><\/div>\n<\/div>\n<div class=\"content\">\n<div class=\"table-responsive\">\n<table class=\"datalist\" width=\"100%\" cellspacing=\"0\" cellpadding=\"0\">\n<colgroup>\n<col width=\"151\" \/>\n<col width=\"160\" \/>\n<col width=\"206\" \/><\/colgroup>\n<tbody>\n<tr class=\"firstRow\">\n<td colspan=\"3\"><strong><span>Unit parameters<\/span><\/strong><\/td>\n<\/tr>\n<tr>\n<td><span>Unit model<\/span><\/td>\n<td><span>YC16VCG-1500B5HC<\/span><\/td>\n<td><span>YC16VCG-1500B5LC<\/span><\/td>\n<\/tr>\n<tr>\n<td><span>Rated power (kW)<\/span><\/td>\n<td><span>1500<\/span><\/td>\n<td><span>1500<\/span><\/td>\n<\/tr>\n<tr>\n<td><span>Rated voltage (V)<\/span><\/td>\n<td><span>10500<\/span><\/td>\n<td><span>400<\/span><\/td>\n<\/tr>\n<tr>\n<td><span>Rated current (A)<\/span><\/td>\n<td><span>103.1\u00a0<\/span><\/td>\n<td><span>2706.4\u00a0<\/span><\/td>\n<\/tr>\n<tr>\n<td><span>Frequency (Hz)<\/span><\/td>\n<td><span>50<\/span><\/td>\n<td><span>50<\/span><\/td>\n<\/tr>\n<tr>\n<td><span>Electrical efficiency<\/span><\/td>\n<td><span>40%<\/span><\/td>\n<td><span>40%<\/span><\/td>\n<\/tr>\n<tr>\n<td><span>Length \u00d7 width \u00d7 height (mm)<\/span><\/td>\n<td><span>6050\u00d72100\u00d72750<\/span><\/td>\n<td><span>6050\u00d72100\u00d72750<\/span><\/td>\n<\/tr>\n<tr>\n<td colspan=\"3\"><strong><span>Engine parameters<\/span><\/strong><\/td>\n<\/tr>\n<tr>\n<td><span>Nominal speed (r\/min)<\/span><\/td>\n<td><span>1000<\/span><\/td>\n<td><span>1000<\/span><\/td>\n<\/tr>\n<tr>\n<td><span>Displacement (L)<\/span><\/td>\n<td><span>105.6\u00a0<\/span><\/td>\n<td><span>105.6\u00a0<\/span><\/td>\n<\/tr>\n<tr>\n<td><span>Number of cylinders-bore\/stroke (mm)<\/span><\/td>\n<td><span>16-200\/210<\/span><\/td>\n<td><span>16-200\/210<\/span><\/td>\n<\/tr>\n<tr>\n<td><span>Engine oil consumption (g\/kwh)<\/span><\/td>\n<td><span>\u22640,3<\/span><\/td>\n<td><span>\u22640,3<\/span><\/td>\n<\/tr>\n<tr>\n<td><span>Emissions of nitrogen oxide (mg\/Nm\u00a0<\/span><sup><span>3<\/span><\/sup><span>\u00a0)<\/span><\/td>\n<td><span>&lt;500<\/span><\/td>\n<td><span>&lt;500<\/span><\/td>\n<\/tr>\n<tr>\n<td colspan=\"3\" rowspan=\"2\"><span>Note: All of the above data are obtained under standard reference conditions and will change with configuration changes and technological developments.<\/span><\/td>\n<\/tr>\n<\/tbody>\n<\/table>\n<\/div>\n<div class=\"remark\"><span>As product technology advances, the structure and parameters of the product will continue to improve. If the sample parameters are inconsistent with the actual product, the actual product will prevail.<\/span><\/div>\n<\/div>","protected":false},"excerpt":{"rendered":"<p>Par\u00e1metros t\u00e9cnicos Par\u00e1metros de la unidad Modelo de unidad YC16VCG-1500B5HC YC16VCG-1500B5LC Potencia nominal (kW) 1500 1500 Tensi\u00f3n nominal (V) 10500 400 Corriente nominal (A) 103.1\u00a0 2706.4\u00a0 Frecuencia (Hz) 50 50 Eficiencia el\u00e9ctrica 40% 40% Largo \u00d7 ancho \u00d7 alto (mm) 6050\u00d72100\u00d72750 6050\u00d72100\u00d72750 Par\u00e1metros del motor Velocidad nominal (r\/min) 1000 1000 Desplazamiento (L) 105.6\u00a0 105.6\u00a0 N\u00famero [&hellip;]<\/p>","protected":false},"featured_media":10876,"template":"","meta":{"_eb_attr":"","site-sidebar-layout":"default","site-content-layout":"","ast-site-content-layout":"default","site-content-style":"default","site-sidebar-style":"default","ast-global-header-display":"","ast-banner-title-visibility":"","ast-main-header-display":"","ast-hfb-above-header-display":"","ast-hfb-below-header-display":"","ast-hfb-mobile-header-display":"","site-post-title":"","ast-breadcrumbs-content":"","ast-featured-img":"","footer-sml-layout":"","theme-transparent-header-meta":"default","adv-header-id-meta":"","stick-header-meta":"","header-above-stick-meta":"","header-main-stick-meta":"","header-below-stick-meta":"","astra-migrate-meta-layouts":"set","ast-page-background-enabled":"default","ast-page-background-meta":{"desktop":{"background-color":"var(--ast-global-color-4)","background-image":"","background-repeat":"repeat","background-position":"center center","background-size":"auto","background-attachment":"scroll","background-type":"","background-media":"","overlay-type":"","overlay-color":"","overlay-opacity":"","overlay-gradient":""},"tablet":{"background-color":"","background-image":"","background-repeat":"repeat","background-position":"center center","background-size":"auto","background-attachment":"scroll","background-type":"","background-media":"","overlay-type":"","overlay-color":"","overlay-opacity":"","overlay-gradient":""},"mobile":{"background-color":"","background-image":"","background-repeat":"repeat","background-position":"center center","background-size":"auto","background-attachment":"scroll","background-type":"","background-media":"","overlay-type":"","overlay-color":"","overlay-opacity":"","overlay-gradient":""}},"ast-content-background-meta":{"desktop":{"background-color":"var(--ast-global-color-5)","background-image":"","background-repeat":"repeat","background-position":"center center","background-size":"auto","background-attachment":"scroll","background-type":"","background-media":"","overlay-type":"","overlay-color":"","overlay-opacity":"","overlay-gradient":""},"tablet":{"background-color":"var(--ast-global-color-5)","background-image":"","background-repeat":"repeat","background-position":"center center","background-size":"auto","background-attachment":"scroll","background-type":"","background-media":"","overlay-type":"","overlay-color":"","overlay-opacity":"","overlay-gradient":""},"mobile":{"background-color":"var(--ast-global-color-5)","background-image":"","background-repeat":"repeat","background-position":"center center","background-size":"auto","background-attachment":"scroll","background-type":"","background-media":"","overlay-type":"","overlay-color":"","overlay-opacity":"","overlay-gradient":""}}},"product_brand":[],"product_cat":[57,96,56],"product_tag":[],"class_list":{"0":"post-10888","1":"product","2":"type-product","3":"status-publish","4":"has-post-thumbnail","6":"product_cat-grupo-electrogeno","7":"product_cat-grupo-electrogeno-marca-yuchai","8":"product_cat-grupo-electrogeno-de-gas-yuchai","9":"desktop-align-left","10":"tablet-align-left","11":"mobile-align-left","13":"first","14":"instock","15":"shipping-taxable","16":"product-type-simple"},"_links":{"self":[{"href":"https:\/\/www.ecuasimomotor.com\/en\/wp-json\/wp\/v2\/product\/10888","targetHints":{"allow":["GET"]}}],"collection":[{"href":"https:\/\/www.ecuasimomotor.com\/en\/wp-json\/wp\/v2\/product"}],"about":[{"href":"https:\/\/www.ecuasimomotor.com\/en\/wp-json\/wp\/v2\/types\/product"}],"version-history":[{"count":0,"href":"https:\/\/www.ecuasimomotor.com\/en\/wp-json\/wp\/v2\/product\/10888\/revisions"}],"wp:featuredmedia":[{"embeddable":true,"href":"https:\/\/www.ecuasimomotor.com\/en\/wp-json\/wp\/v2\/media\/10876"}],"wp:attachment":[{"href":"https:\/\/www.ecuasimomotor.com\/en\/wp-json\/wp\/v2\/media?parent=10888"}],"wp:term":[{"taxonomy":"product_brand","embeddable":true,"href":"https:\/\/www.ecuasimomotor.com\/en\/wp-json\/wp\/v2\/product_brand?post=10888"},{"taxonomy":"product_cat","embeddable":true,"href":"https:\/\/www.ecuasimomotor.com\/en\/wp-json\/wp\/v2\/product_cat?post=10888"},{"taxonomy":"product_tag","embeddable":true,"href":"https:\/\/www.ecuasimomotor.com\/en\/wp-json\/wp\/v2\/product_tag?post=10888"}],"curies":[{"name":"wp","href":"https:\/\/api.w.org\/{rel}","templated":true}]}}