{"id":10884,"date":"2025-05-19T10:48:34","date_gmt":"2025-05-19T02:48:34","guid":{"rendered":"https:\/\/www.ecuasimomotor.com\/?post_type=product&#038;p=10884"},"modified":"2025-05-19T10:54:25","modified_gmt":"2025-05-19T02:54:25","slug":"yuchai-800%ef%bd%9e1000kw-grupo-electrogeno-de-gas-natural-yc12vcn","status":"publish","type":"product","link":"https:\/\/www.ecuasimomotor.com\/en\/product\/yuchai-800\uff5e1000kw-natural-gas-genset-yc12vcn\/","title":{"rendered":"YUCHAI 800\uff5e1000kW YC12VCN natural gas generator set."},"content":{"rendered":"<div class=\"infor\">\n<h5 class=\"tit\" style=\"text-align: center;\"><strong>Technical parameters<\/strong><\/h5>\n<\/div>\n<div class=\"content\">\n<div class=\"table-responsive\">\n<table class=\"datalist\" width=\"100%\" cellspacing=\"0\" cellpadding=\"0\">\n<colgroup>\n<col width=\"208\" \/>\n<col span=\"4\" width=\"200\" \/><\/colgroup>\n<tbody>\n<tr class=\"firstRow\">\n<td colspan=\"5\"><strong><span>Unit parameters<\/span><\/strong><\/td>\n<\/tr>\n<tr>\n<td><span>Unit model<\/span><\/td>\n<td><span>YC12VCG-1000N5HC<\/span><\/td>\n<td><span>YC12VCG-1000N5LC<\/span><\/td>\n<td><span>YC12VCG-800N5HC<\/span><\/td>\n<td><span>YC12VCG-800N5LC<\/span><\/td>\n<\/tr>\n<tr>\n<td><span>Rated power (kW)<\/span><\/td>\n<td><span>1000<\/span><\/td>\n<td><span>1000<\/span><\/td>\n<td><span>800<\/span><\/td>\n<td><span>800<\/span><\/td>\n<\/tr>\n<tr>\n<td><span>Rated voltage (V)<\/span><\/td>\n<td><span>10500<\/span><\/td>\n<td><span>400<\/span><\/td>\n<td><span>10500<\/span><\/td>\n<td><span>400<\/span><\/td>\n<\/tr>\n<tr>\n<td><span>Rated current (A)<\/span><\/td>\n<td><span>68.7\u00a0<\/span><\/td>\n<td><span>1804.3\u00a0<\/span><\/td>\n<td><span>55\u00a0<\/span><\/td>\n<td><span>1443.4\u00a0<\/span><\/td>\n<\/tr>\n<tr>\n<td><span>Frequency (Hz)<\/span><\/td>\n<td><span>50<\/span><\/td>\n<td><span>50<\/span><\/td>\n<td><span>50<\/span><\/td>\n<td><span>50<\/span><\/td>\n<\/tr>\n<tr>\n<td><span>Electrical efficiency<\/span><\/td>\n<td><span>40%<\/span><\/td>\n<td><span>40%<\/span><\/td>\n<td><span>40%<\/span><\/td>\n<td><span>41%<\/span><\/td>\n<\/tr>\n<tr>\n<td><span>Length \u00d7 width \u00d7 height (mm)<\/span><\/td>\n<td><span>5510\u00d72110\u00d72660<\/span><\/td>\n<td><span>5510\u00d72110\u00d72660<\/span><\/td>\n<td><span>5350\u00d72000\u00d72650<\/span><\/td>\n<td><span>5350\u00d72000\u00d72650<\/span><\/td>\n<\/tr>\n<tr>\n<td colspan=\"5\"><strong><span>Engine parameters<\/span><\/strong><\/td>\n<\/tr>\n<tr>\n<td><span>Nominal speed (r\/min)<\/span><\/td>\n<td><span>1000<\/span><\/td>\n<td><span>1000<\/span><\/td>\n<td><span>1000<\/span><\/td>\n<td><span>1000<\/span><\/td>\n<\/tr>\n<tr>\n<td><span>Displacement (L)<\/span><\/td>\n<td><span>79.2\u00a0<\/span><\/td>\n<td><span>79.2\u00a0<\/span><\/td>\n<td><span>79.2\u00a0<\/span><\/td>\n<td><span>79.2\u00a0<\/span><\/td>\n<\/tr>\n<tr>\n<td><span>Number of cylinders-bore\/stroke (mm)<\/span><\/td>\n<td><span>12-200\/210<\/span><\/td>\n<td><span>12-200\/210<\/span><\/td>\n<td><span>12-200\/210<\/span><\/td>\n<td><span>12-200\/210<\/span><\/td>\n<\/tr>\n<tr>\n<td><span>Engine oil consumption (g\/kWh)<\/span><\/td>\n<td><span>\u22640,3<\/span><\/td>\n<td><span>\u22640,3<\/span><\/td>\n<td><span>\u22640,3<\/span><\/td>\n<td><span>\u2264<\/span><span>\u00a00,3<\/span><\/td>\n<\/tr>\n<tr>\n<td><span>Emissions of nitrogen oxide (mg\/Nm\u00a0<\/span><sup><span>3<\/span><\/sup><span>\u00a0)<\/span><\/td>\n<td><span>&lt;500<\/span><\/td>\n<td><span>&lt;500<\/span><\/td>\n<td><span>&lt;500<\/span><\/td>\n<td><span>&lt;500<\/span><\/td>\n<\/tr>\n<tr>\n<td colspan=\"5\" rowspan=\"2\"><span>Note: All of the above data are obtained under standard reference conditions and will change with configuration changes and technological developments.<\/span><\/td>\n<\/tr>\n<\/tbody>\n<\/table>\n<\/div>\n<div class=\"remark\"><span>As product technology advances, the structure and parameters of the product will continue to improve. If the sample parameters are inconsistent with the actual product, the actual product will prevail.<\/span><\/div>\n<\/div>","protected":false},"excerpt":{"rendered":"<p>Par\u00e1metros t\u00e9cnicos Par\u00e1metros de la unidad Modelo de unidad YC12VCG-1000N5HC YC12VCG-1000N5LC YC12VCG-800N5HC YC12VCG-800N5LC Potencia nominal (kW) 1000 1000 800 800 Tensi\u00f3n nominal (V) 10500 400 10500 400 Corriente nominal (A) 68.7\u00a0 1804.3\u00a0 55\u00a0 1443.4\u00a0 Frecuencia (Hz) 50 50 50 50 Eficiencia el\u00e9ctrica 40% 40% 40% 41% Largo \u00d7 ancho \u00d7 alto (mm) 5510\u00d72110\u00d72660 5510\u00d72110\u00d72660 5350\u00d72000\u00d72650 [&hellip;]<\/p>","protected":false},"featured_media":10885,"template":"","meta":{"_eb_attr":"","site-sidebar-layout":"default","site-content-layout":"","ast-site-content-layout":"default","site-content-style":"default","site-sidebar-style":"default","ast-global-header-display":"","ast-banner-title-visibility":"","ast-main-header-display":"","ast-hfb-above-header-display":"","ast-hfb-below-header-display":"","ast-hfb-mobile-header-display":"","site-post-title":"","ast-breadcrumbs-content":"","ast-featured-img":"","footer-sml-layout":"","theme-transparent-header-meta":"default","adv-header-id-meta":"","stick-header-meta":"","header-above-stick-meta":"","header-main-stick-meta":"","header-below-stick-meta":"","astra-migrate-meta-layouts":"set","ast-page-background-enabled":"default","ast-page-background-meta":{"desktop":{"background-color":"var(--ast-global-color-4)","background-image":"","background-repeat":"repeat","background-position":"center center","background-size":"auto","background-attachment":"scroll","background-type":"","background-media":"","overlay-type":"","overlay-color":"","overlay-opacity":"","overlay-gradient":""},"tablet":{"background-color":"","background-image":"","background-repeat":"repeat","background-position":"center center","background-size":"auto","background-attachment":"scroll","background-type":"","background-media":"","overlay-type":"","overlay-color":"","overlay-opacity":"","overlay-gradient":""},"mobile":{"background-color":"","background-image":"","background-repeat":"repeat","background-position":"center center","background-size":"auto","background-attachment":"scroll","background-type":"","background-media":"","overlay-type":"","overlay-color":"","overlay-opacity":"","overlay-gradient":""}},"ast-content-background-meta":{"desktop":{"background-color":"var(--ast-global-color-5)","background-image":"","background-repeat":"repeat","background-position":"center center","background-size":"auto","background-attachment":"scroll","background-type":"","background-media":"","overlay-type":"","overlay-color":"","overlay-opacity":"","overlay-gradient":""},"tablet":{"background-color":"var(--ast-global-color-5)","background-image":"","background-repeat":"repeat","background-position":"center center","background-size":"auto","background-attachment":"scroll","background-type":"","background-media":"","overlay-type":"","overlay-color":"","overlay-opacity":"","overlay-gradient":""},"mobile":{"background-color":"var(--ast-global-color-5)","background-image":"","background-repeat":"repeat","background-position":"center center","background-size":"auto","background-attachment":"scroll","background-type":"","background-media":"","overlay-type":"","overlay-color":"","overlay-opacity":"","overlay-gradient":""}}},"product_brand":[],"product_cat":[57,96,56],"product_tag":[],"class_list":{"0":"post-10884","1":"product","2":"type-product","3":"status-publish","4":"has-post-thumbnail","6":"product_cat-grupo-electrogeno","7":"product_cat-grupo-electrogeno-marca-yuchai","8":"product_cat-grupo-electrogeno-de-gas-yuchai","9":"desktop-align-left","10":"tablet-align-left","11":"mobile-align-left","13":"first","14":"instock","15":"shipping-taxable","16":"product-type-simple"},"_links":{"self":[{"href":"https:\/\/www.ecuasimomotor.com\/en\/wp-json\/wp\/v2\/product\/10884","targetHints":{"allow":["GET"]}}],"collection":[{"href":"https:\/\/www.ecuasimomotor.com\/en\/wp-json\/wp\/v2\/product"}],"about":[{"href":"https:\/\/www.ecuasimomotor.com\/en\/wp-json\/wp\/v2\/types\/product"}],"version-history":[{"count":0,"href":"https:\/\/www.ecuasimomotor.com\/en\/wp-json\/wp\/v2\/product\/10884\/revisions"}],"wp:featuredmedia":[{"embeddable":true,"href":"https:\/\/www.ecuasimomotor.com\/en\/wp-json\/wp\/v2\/media\/10885"}],"wp:attachment":[{"href":"https:\/\/www.ecuasimomotor.com\/en\/wp-json\/wp\/v2\/media?parent=10884"}],"wp:term":[{"taxonomy":"product_brand","embeddable":true,"href":"https:\/\/www.ecuasimomotor.com\/en\/wp-json\/wp\/v2\/product_brand?post=10884"},{"taxonomy":"product_cat","embeddable":true,"href":"https:\/\/www.ecuasimomotor.com\/en\/wp-json\/wp\/v2\/product_cat?post=10884"},{"taxonomy":"product_tag","embeddable":true,"href":"https:\/\/www.ecuasimomotor.com\/en\/wp-json\/wp\/v2\/product_tag?post=10884"}],"curies":[{"name":"wp","href":"https:\/\/api.w.org\/{rel}","templated":true}]}}