{"id":10878,"date":"2025-05-19T10:45:09","date_gmt":"2025-05-19T02:45:09","guid":{"rendered":"https:\/\/www.ecuasimomotor.com\/?post_type=product&#038;p=10878"},"modified":"2025-05-19T10:48:03","modified_gmt":"2025-05-19T02:48:03","slug":"yuchai-1000%ef%bd%9e1100kw-grupo-electrogeno-de-gas-natural-yc16vtdn","status":"publish","type":"product","link":"https:\/\/www.ecuasimomotor.com\/en\/product\/yuchai-1000\uff5e1100kw-natural-gas-genset-yc16vtdn\/","title":{"rendered":"YUCHAI 1000\uff5e1100kW YC16VTDN natural gas generator set."},"content":{"rendered":"<div class=\"infor\">\n<div class=\"tit\">Technical parameters<\/div>\n<\/div>\n<div class=\"content\">\n<div class=\"table-responsive\">\n<table class=\"datalist\" cellspacing=\"0\" cellpadding=\"0\">\n<colgroup>\n<col width=\"208\" \/>\n<col span=\"2\" width=\"200\" \/><\/colgroup>\n<tbody>\n<tr class=\"firstRow\">\n<td colspan=\"5\" rowspan=\"1\" width=\"976\"><strong>Unit parameters<\/strong><\/td>\n<\/tr>\n<tr>\n<td>Unit model<\/td>\n<td>YC16VTDG-1100N5HC<\/td>\n<td>YC16VTDG-1100N5LC<\/td>\n<td colspan=\"1\" rowspan=\"1\" valign=\"null\" width=\"177\">YC16VTDG-1000N5HC<\/td>\n<td colspan=\"1\" rowspan=\"1\" valign=\"null\" width=\"170\">YC16VTDG-1000N5LC<\/td>\n<\/tr>\n<tr>\n<td>Rated power (kW)<\/td>\n<td>1100<\/td>\n<td>1100<\/td>\n<td colspan=\"1\" rowspan=\"1\" valign=\"null\" width=\"177\">1000<\/td>\n<td colspan=\"1\" rowspan=\"1\" valign=\"null\" width=\"170\">1000<\/td>\n<\/tr>\n<tr>\n<td>Rated voltage (V)<\/td>\n<td>10500<\/td>\n<td>400<\/td>\n<td colspan=\"1\" rowspan=\"1\" valign=\"null\" width=\"177\">10500<\/td>\n<td colspan=\"1\" rowspan=\"1\" valign=\"null\" width=\"170\">400<\/td>\n<\/tr>\n<tr>\n<td>Rated current (A)<\/td>\n<td>75.6<\/td>\n<td>1984.7<\/td>\n<td colspan=\"1\" rowspan=\"1\" valign=\"null\" width=\"177\">68.7<\/td>\n<td colspan=\"1\" rowspan=\"1\" valign=\"null\" width=\"170\">1804.3<\/td>\n<\/tr>\n<tr>\n<td>Frequency (Hz)<\/td>\n<td>50<\/td>\n<td>50<\/td>\n<td colspan=\"1\" rowspan=\"1\" valign=\"null\" width=\"177\">50<\/td>\n<td colspan=\"1\" rowspan=\"1\" valign=\"null\" width=\"170\">50<\/td>\n<\/tr>\n<tr>\n<td>Electrical efficiency<\/td>\n<td>42%<\/td>\n<td>42%<\/td>\n<td colspan=\"1\" rowspan=\"1\" valign=\"null\" width=\"177\">42%<\/td>\n<td colspan=\"1\" rowspan=\"1\" valign=\"null\" width=\"170\">42%<\/td>\n<\/tr>\n<tr>\n<td>Length \u00d7 width \u00d7 height (mm)<\/td>\n<td>4918\u00d71992\u00d72280<\/td>\n<td>4918\u00d71992\u00d72280<\/td>\n<td colspan=\"1\" rowspan=\"1\" valign=\"null\" width=\"177\">4918\u00d71992\u00d72280<\/td>\n<td colspan=\"1\" rowspan=\"1\" valign=\"null\" width=\"170\">4918\u00d71992\u00d72280<\/td>\n<\/tr>\n<tr>\n<td colspan=\"5\" rowspan=\"1\" width=\"976\"><strong>Engine parameters<\/strong><\/td>\n<\/tr>\n<tr>\n<td>Nominal speed (r\/min)<\/td>\n<td>1500<\/td>\n<td>1500<\/td>\n<td colspan=\"1\" rowspan=\"1\" valign=\"null\" width=\"177\">1500<\/td>\n<td colspan=\"1\" rowspan=\"1\" valign=\"null\" width=\"170\">1500<\/td>\n<\/tr>\n<tr>\n<td>Displacement (L)<\/td>\n<td>52.3<\/td>\n<td>52.3<\/td>\n<td colspan=\"1\" rowspan=\"1\" valign=\"null\" width=\"177\">52.3<\/td>\n<td colspan=\"1\" rowspan=\"1\" valign=\"null\" width=\"170\">52.3<\/td>\n<\/tr>\n<tr>\n<td>Number of cylinders-bore\/stroke (mm)<\/td>\n<td>16-152\/180<\/td>\n<td>16-152\/180<\/td>\n<td colspan=\"1\" rowspan=\"1\" valign=\"null\" width=\"177\">16-152\/180<\/td>\n<td colspan=\"1\" rowspan=\"1\" valign=\"null\" width=\"170\">16-152\/180<\/td>\n<\/tr>\n<tr>\n<td>Engine oil consumption (g\/kWh)<\/td>\n<td>\u22640,3<\/td>\n<td>\u22640,3<\/td>\n<td colspan=\"1\" rowspan=\"1\" valign=\"null\" width=\"177\">\u22640,3<\/td>\n<td colspan=\"1\" rowspan=\"1\" valign=\"null\" width=\"170\">\u22640,3<\/td>\n<\/tr>\n<tr>\n<td>Emissions of nitrogen oxide (mg\/Nm\u00a0<sup>3<\/sup>\u00a0)<\/td>\n<td>&lt;500<\/td>\n<td>&lt;500<\/td>\n<td colspan=\"1\" rowspan=\"1\" valign=\"null\" width=\"177\">&lt;500<\/td>\n<td colspan=\"1\" rowspan=\"1\" valign=\"null\" width=\"170\">&lt;500<\/td>\n<\/tr>\n<tr>\n<td colspan=\"5\" rowspan=\"1\" width=\"976\">Note: All of the above data are obtained under standard reference conditions and will change with configuration changes and technological developments.<\/td>\n<\/tr>\n<\/tbody>\n<\/table>\n<\/div>\n<div class=\"remark\">As product technology advances, the structure and parameters of the product will continue to improve. If the sample parameters are inconsistent with the actual product, the actual product will prevail.<\/div>\n<\/div>","protected":false},"excerpt":{"rendered":"<p>Par\u00e1metros t\u00e9cnicos Par\u00e1metros de la unidad Modelo de unidad YC16VTDG-1100N5HC YC16VTDG-1100N5LC YC16VTDG-1000N5HC YC16VTDG-1000N5LC Potencia nominal (kW) 1100 1100 1000 1000 Tensi\u00f3n nominal (V) 10500 400 10500 400 Corriente nominal (A) 75.6 1984.7 68.7 1804.3 Frecuencia (Hz) 50 50 50 50 Eficiencia el\u00e9ctrica 42% 42% 42% 42% Largo \u00d7 ancho \u00d7 alto (mm) 4918\u00d71992\u00d72280 4918\u00d71992\u00d72280 4918\u00d71992\u00d72280 [&hellip;]<\/p>","protected":false},"featured_media":10881,"template":"","meta":{"_eb_attr":"","site-sidebar-layout":"default","site-content-layout":"","ast-site-content-layout":"default","site-content-style":"default","site-sidebar-style":"default","ast-global-header-display":"","ast-banner-title-visibility":"","ast-main-header-display":"","ast-hfb-above-header-display":"","ast-hfb-below-header-display":"","ast-hfb-mobile-header-display":"","site-post-title":"","ast-breadcrumbs-content":"","ast-featured-img":"","footer-sml-layout":"","theme-transparent-header-meta":"default","adv-header-id-meta":"","stick-header-meta":"","header-above-stick-meta":"","header-main-stick-meta":"","header-below-stick-meta":"","astra-migrate-meta-layouts":"set","ast-page-background-enabled":"default","ast-page-background-meta":{"desktop":{"background-color":"var(--ast-global-color-4)","background-image":"","background-repeat":"repeat","background-position":"center center","background-size":"auto","background-attachment":"scroll","background-type":"","background-media":"","overlay-type":"","overlay-color":"","overlay-opacity":"","overlay-gradient":""},"tablet":{"background-color":"","background-image":"","background-repeat":"repeat","background-position":"center center","background-size":"auto","background-attachment":"scroll","background-type":"","background-media":"","overlay-type":"","overlay-color":"","overlay-opacity":"","overlay-gradient":""},"mobile":{"background-color":"","background-image":"","background-repeat":"repeat","background-position":"center center","background-size":"auto","background-attachment":"scroll","background-type":"","background-media":"","overlay-type":"","overlay-color":"","overlay-opacity":"","overlay-gradient":""}},"ast-content-background-meta":{"desktop":{"background-color":"var(--ast-global-color-5)","background-image":"","background-repeat":"repeat","background-position":"center center","background-size":"auto","background-attachment":"scroll","background-type":"","background-media":"","overlay-type":"","overlay-color":"","overlay-opacity":"","overlay-gradient":""},"tablet":{"background-color":"var(--ast-global-color-5)","background-image":"","background-repeat":"repeat","background-position":"center center","background-size":"auto","background-attachment":"scroll","background-type":"","background-media":"","overlay-type":"","overlay-color":"","overlay-opacity":"","overlay-gradient":""},"mobile":{"background-color":"var(--ast-global-color-5)","background-image":"","background-repeat":"repeat","background-position":"center center","background-size":"auto","background-attachment":"scroll","background-type":"","background-media":"","overlay-type":"","overlay-color":"","overlay-opacity":"","overlay-gradient":""}}},"product_brand":[],"product_cat":[57,96,56],"product_tag":[],"class_list":{"0":"post-10878","1":"product","2":"type-product","3":"status-publish","4":"has-post-thumbnail","6":"product_cat-grupo-electrogeno","7":"product_cat-grupo-electrogeno-marca-yuchai","8":"product_cat-grupo-electrogeno-de-gas-yuchai","9":"desktop-align-left","10":"tablet-align-left","11":"mobile-align-left","13":"first","14":"instock","15":"shipping-taxable","16":"product-type-simple"},"_links":{"self":[{"href":"https:\/\/www.ecuasimomotor.com\/en\/wp-json\/wp\/v2\/product\/10878","targetHints":{"allow":["GET"]}}],"collection":[{"href":"https:\/\/www.ecuasimomotor.com\/en\/wp-json\/wp\/v2\/product"}],"about":[{"href":"https:\/\/www.ecuasimomotor.com\/en\/wp-json\/wp\/v2\/types\/product"}],"version-history":[{"count":0,"href":"https:\/\/www.ecuasimomotor.com\/en\/wp-json\/wp\/v2\/product\/10878\/revisions"}],"wp:featuredmedia":[{"embeddable":true,"href":"https:\/\/www.ecuasimomotor.com\/en\/wp-json\/wp\/v2\/media\/10881"}],"wp:attachment":[{"href":"https:\/\/www.ecuasimomotor.com\/en\/wp-json\/wp\/v2\/media?parent=10878"}],"wp:term":[{"taxonomy":"product_brand","embeddable":true,"href":"https:\/\/www.ecuasimomotor.com\/en\/wp-json\/wp\/v2\/product_brand?post=10878"},{"taxonomy":"product_cat","embeddable":true,"href":"https:\/\/www.ecuasimomotor.com\/en\/wp-json\/wp\/v2\/product_cat?post=10878"},{"taxonomy":"product_tag","embeddable":true,"href":"https:\/\/www.ecuasimomotor.com\/en\/wp-json\/wp\/v2\/product_tag?post=10878"}],"curies":[{"name":"wp","href":"https:\/\/api.w.org\/{rel}","templated":true}]}}